{"id":73442,"date":"2025-12-14T22:32:02","date_gmt":"2025-12-14T20:32:02","guid":{"rendered":"https:\/\/alkaline.lv\/?post_type=product&#038;p=73442"},"modified":"2025-12-14T22:33:41","modified_gmt":"2025-12-14T20:33:41","slug":"atkritumu-maisi-extra-biezi-250l-100x125cm-90my-5gb-rul-ldpemelni","status":"publish","type":"product","link":"https:\/\/alkaline.lv\/en\/products\/atkritumu-maisi-extra-biezi-250l-100x125cm-90my-5gb-rul-ldpemelni\/","title":{"rendered":"Atkritumu maisi, Extra biezi, 250L, (100x125cm) 90my, 5gb\/rul., LDPE,melni"},"content":{"rendered":"<div class=\"item_meta\">\n<div class=\"prodview-info-about\">\n<div class=\"prodview-info-about\">\n<div class=\"prodview-info-about\">\n<div class=\"prodview-info-about\">\n<div class=\"prodview-info-about\">\n<div class=\"prodview-info-about\">\n<div class=\"prodview-info-about\">\n<p>\u012apa\u0161i iztur\u012bgi, paredz\u0113ti b\u016bvgru\u017eiem un citiem smagiem atkritumiem.<br \/>\nRull\u012b 5 gabali, ar perfor\u0101ciju, viegli nopl\u0113\u0161ami. Izgatavoti no zema bl\u012bvuma divsl\u0101\u0146u polietil\u0113na (LDPE).<\/p>\n<\/div>\n<\/div>\n<\/div>\n<\/div>\n<\/div>\n<\/div>\n<\/div>\n<\/div>\n","protected":false},"excerpt":{"rendered":"<div class=\"item_meta\"><\/div>\n<div><\/div>\n","protected":false},"featured_media":73443,"template":"","meta":{"inline_featured_image":false},"product_cat":[142,143],"product_tag":[],"class_list":{"0":"post-73442","1":"product","2":"type-product","3":"status-publish","4":"has-post-thumbnail","6":"product_cat-atkritumu-maisi-ldpe-30-350l-extra-biezi","7":"product_cat-atkritumu-maisi-skirosanai-krasaini","9":"first","10":"instock","11":"taxable","12":"shipping-taxable","13":"purchasable","14":"product-type-simple","15":"add-to-wishlist-after_add_to_cart"},"_links":{"self":[{"href":"https:\/\/alkaline.lv\/en\/wp-json\/wp\/v2\/product\/73442","targetHints":{"allow":["GET"]}}],"collection":[{"href":"https:\/\/alkaline.lv\/en\/wp-json\/wp\/v2\/product"}],"about":[{"href":"https:\/\/alkaline.lv\/en\/wp-json\/wp\/v2\/types\/product"}],"wp:featuredmedia":[{"embeddable":true,"href":"https:\/\/alkaline.lv\/en\/wp-json\/wp\/v2\/media\/73443"}],"wp:attachment":[{"href":"https:\/\/alkaline.lv\/en\/wp-json\/wp\/v2\/media?parent=73442"}],"wp:term":[{"taxonomy":"product_cat","embeddable":true,"href":"https:\/\/alkaline.lv\/en\/wp-json\/wp\/v2\/product_cat?post=73442"},{"taxonomy":"product_tag","embeddable":true,"href":"https:\/\/alkaline.lv\/en\/wp-json\/wp\/v2\/product_tag?post=73442"}],"curies":[{"name":"wp","href":"https:\/\/api.w.org\/{rel}","templated":true}]}}