{"id":73456,"date":"2026-01-05T18:07:29","date_gmt":"2026-01-05T16:07:29","guid":{"rendered":"https:\/\/alkaline.lv\/?post_type=product&#038;p=73456"},"modified":"2026-01-05T18:10:19","modified_gmt":"2026-01-05T16:10:19","slug":"suma-cafe-milkclean-kafijas-aparatu-tirisanas-lidzeklis-1l","status":"publish","type":"product","link":"https:\/\/alkaline.lv\/en\/products\/suma-cafe-milkclean-kafijas-aparatu-tirisanas-lidzeklis-1l\/","title":{"rendered":"Suma Cafe MilkClean, Kafijas apar\u0101tu t\u012br\u012b\u0161anas l\u012bdzeklis, 1L"},"content":{"rendered":"<h2 class=\"product-details-title\"><span style=\"font-size: 16px;\">\u012apa\u0161i izstr\u0101d\u0101ts l\u012bdzeklis kafijas un espreso autom\u0101tu piena sist\u0113mas t\u012br\u012b\u0101snai.<\/span><\/h2>\n<div>\n<div class=\"item-long-desc\">\n<p>Tas sniedz lietot\u0101jam daudzpus\u012bgi pielietojamu un efekt\u012bvu risin\u0101jumu t\u0101 ikdienas t\u012br\u012b\u0161anas vajadz\u012bb\u0101m.<br \/>\nL\u012bdzeklis piem\u0113rots autom\u0101tisk\u0101 piena putot\u0101ja, tvaika sprauslu, piena tvert\u0146u un piena sist\u0113mu t\u012br\u012b\u0161anai.<\/p>\n<p><strong>Sign\u0101lv\u0101rds: Uzman\u012bbu<\/strong><br \/>\n<strong>B\u012bstam\u012bbas apz\u012bm\u0113jumi:<\/strong>\u00a0H319 &#8211; Izraisa nopietnu acu kairin\u0101jumu.<br \/>\n<strong>Dro\u0161\u012bbas pras\u012bbu apz\u012bm\u0113jums:\u00a0<\/strong>P280 &#8211; Izmantot acu aizsargus, aizsargcimdus. P337+P313 &#8211; Ja acu iekaisums nep\u0101riet: L\u016bdziet medi\u0137u pal\u012bdz\u012bbu<\/p>\n<\/div>\n<\/div>\n<div class=\"product-details table\">\n<div class=\"product-details-row tr\">\n<div class=\"product-details-cell td\"><b>Z\u012bmols<\/b><\/div>\n<div class=\"product-details-cell td\">Diversey<\/div>\n<\/div>\n<div class=\"product-details-row tr\"><\/div>\n<div class=\"product-details-row tr\">\n<div class=\"product-details-cell td\"><\/div>\n<\/div>\n<\/div>\n<p><strong>pH: 2.1 .. 2.5<\/strong><\/p>\n<p><strong>Tilpums: 1 L<\/strong><\/p>\n","protected":false},"excerpt":{"rendered":"<div class=\"item_meta\"><\/div>\n<div><\/div>\n","protected":false},"featured_media":73457,"template":"","meta":{"inline_featured_image":false},"product_cat":[127],"product_tag":[],"class_list":{"0":"post-73456","1":"product","2":"type-product","3":"status-publish","4":"has-post-thumbnail","6":"product_cat-virtuves-virsmu-tirisanai","8":"first","9":"instock","10":"taxable","11":"shipping-taxable","12":"purchasable","13":"product-type-simple","14":"add-to-wishlist-after_add_to_cart"},"_links":{"self":[{"href":"https:\/\/alkaline.lv\/en\/wp-json\/wp\/v2\/product\/73456","targetHints":{"allow":["GET"]}}],"collection":[{"href":"https:\/\/alkaline.lv\/en\/wp-json\/wp\/v2\/product"}],"about":[{"href":"https:\/\/alkaline.lv\/en\/wp-json\/wp\/v2\/types\/product"}],"wp:featuredmedia":[{"embeddable":true,"href":"https:\/\/alkaline.lv\/en\/wp-json\/wp\/v2\/media\/73457"}],"wp:attachment":[{"href":"https:\/\/alkaline.lv\/en\/wp-json\/wp\/v2\/media?parent=73456"}],"wp:term":[{"taxonomy":"product_cat","embeddable":true,"href":"https:\/\/alkaline.lv\/en\/wp-json\/wp\/v2\/product_cat?post=73456"},{"taxonomy":"product_tag","embeddable":true,"href":"https:\/\/alkaline.lv\/en\/wp-json\/wp\/v2\/product_tag?post=73456"}],"curies":[{"name":"wp","href":"https:\/\/api.w.org\/{rel}","templated":true}]}}