{"id":73465,"date":"2026-01-08T18:03:10","date_gmt":"2026-01-08T16:03:10","guid":{"rendered":"https:\/\/alkaline.lv\/?post_type=product&#038;p=73465"},"modified":"2026-01-08T18:06:44","modified_gmt":"2026-01-08T16:06:44","slug":"bezkontaktu-dozators-roku-dvieliem-rullos-katrin-hybrid-system-electric-towel-balts","status":"publish","type":"product","link":"https:\/\/alkaline.lv\/en\/products\/bezkontaktu-dozators-roku-dvieliem-rullos-katrin-hybrid-system-electric-towel-balts\/","title":{"rendered":"Bezkontaktu dozators roku dvie\u013ciem ru\u013c\u013cos KATRIN Hybrid, System Electric Towel, Balts"},"content":{"rendered":"<ul>\n<li>Sader\u012bgs ar KATRIN System pap\u012bra roku dvie\u013ciem ru\u013c\u013cos.<\/li>\n<li>\u0100trs darb\u012bb\u0101 un vienk\u0101r\u0161s apkopei<\/li>\n<li>Augsta ietilp\u012bba &#8211; 180m (800 loksnes) pap\u012bra dvie\u013ca pietiek 400-500 roku slauc\u012b\u0161anas reiz\u0113m<\/li>\n<li>Kontrol\u0113ts pap\u012bra pat\u0113ri\u0146\u0161<\/li>\n<li>Autom\u0101tiski padod n\u0101kamo loksni<\/li>\n<li>Baro\u0161ana: 4 x LR20 1.5V baterijas (nav komplekt\u0101)<\/li>\n<li>Pieejam\u0101s kr\u0101sas: balts \/ melns<\/li>\n<li>Izm\u0113ri: 434 x 299 x 234 mmPla\u0161s Katrin\u00ae plastmasas tur\u0113t\u0101ju kl\u0101sts pap\u012bra dvie\u013ciem, tualetes pap\u012bram, \u0161\u0137idraj\u0101m ziep\u0113m un atkritumu tvertn\u0113m. Viegli un \u0113rti lietojami. \u0112rtais dizains un kr\u0101sa ieder\u0113sies jebkur\u0101 interjer\u0101. Ra\u017eots ES p\u0113c Antalis pas\u016bt\u012bjuma.\n<div class=\"es-l-group\">\n<p class=\"es-p-b5 es-p-t5\"><strong>Galven\u0101s iez\u012bmes<\/strong><\/p>\n<ul class=\"es-list-bullets\">\n<li>Pla\u0161s Katrin\u00ae plastmasas tur\u0113t\u0101ju kl\u0101sts pap\u012bra dvie\u013ciem, tualetes pap\u012bram, ziep\u0113m un atkritumu tvertn\u0113m. Viegli un \u0113rti lietot. Plastmasas tur\u0113t\u0101jiem ir 1 sl\u0113dzene, kuru var aizsl\u0113gt\/atsl\u0113gt bez atsl\u0113gas, atsl\u0113gas atrodas tur\u0113t\u0101ja aizmugur\u0113. Iztur\u012bgs pret augst\u0101m temperat\u016br\u0101m. Saska\u0146oti tur\u0113t\u0101ji ziep\u0113m, putuziep\u0113m, k\u0101 ar\u012b \u0137erme\u0146a un matu mazg\u0101\u0161anas l\u012bdzek\u013ciem.<\/li>\n<\/ul>\n<\/div>\n<div class=\"es-l-group\">\n<p class=\"es-p-b5 es-p-t5\"><strong>Raksturojums<\/strong><\/p>\n<ul class=\"es-list-bullets\">\n<li>Plastmasas tur\u0113t\u0101jiem ir 1 sl\u0113dzene, kuru var aizsl\u0113gt\/atsl\u0113gt bez atsl\u0113gas, atsl\u0113gas atrodas tur\u0113t\u0101ja aizmugur\u0113.<\/li>\n<\/ul>\n<\/div>\n<div class=\"es-l-group\">\n<p class=\"es-p-b5 es-p-t5\"><strong>Pielietojums<\/strong><\/p>\n<ul class=\"es-list-bullets\">\n<li>Pla\u0161am pielietojumam &#8211; slimn\u012bc\u0101s, \u0113din\u0101\u0161anas iest\u0101d\u0113s, labier\u012bc\u012bb\u0101s utt. Viegli un \u0113rti lietojami. \u0112rtais dizains un kr\u0101sa ieder\u0113sies jebkur\u0101 interj\u0113r\u0101.<\/li>\n<\/ul>\n<\/div>\n<\/li>\n<\/ul>\n<p>&nbsp;<\/p>\n","protected":false},"excerpt":{"rendered":"<p>Sader\u012bgs ar KATRIN System pap\u012bra roku dvie\u013ciem ru\u013c\u013cos. \u0100trs darb\u012bb\u0101 un vienk\u0101r\u0161s apkopei Augsta ietilp\u012bba &#8211; 180m (800 loksnes) pap\u012bra dvie\u013ca pietiek 400-500 roku slauc\u012b\u0161anas reiz\u0113m Kontrol\u0113ts pap\u012bra pat\u0113ri\u0146\u0161 Autom\u0101tiski padod n\u0101kamo loksni Baro\u0161ana: 4 x LR20 1.5V baterijas (nav komplekt\u0101) Pieejam\u0101s kr\u0101sas: balts \/ melns Izm\u0113ri: 434 x 299 x 234 mmPla\u0161s Katrin\u00ae plastmasas [&hellip;]<\/p>\n","protected":false},"featured_media":73466,"template":"","meta":{"inline_featured_image":false},"product_cat":[105],"product_tag":[],"class_list":{"0":"post-73465","1":"product","2":"type-product","3":"status-publish","4":"has-post-thumbnail","6":"product_cat-elektriskie-turetaji","8":"first","9":"instock","10":"taxable","11":"shipping-taxable","12":"purchasable","13":"product-type-simple","14":"add-to-wishlist-after_add_to_cart"},"_links":{"self":[{"href":"https:\/\/alkaline.lv\/en\/wp-json\/wp\/v2\/product\/73465","targetHints":{"allow":["GET"]}}],"collection":[{"href":"https:\/\/alkaline.lv\/en\/wp-json\/wp\/v2\/product"}],"about":[{"href":"https:\/\/alkaline.lv\/en\/wp-json\/wp\/v2\/types\/product"}],"wp:featuredmedia":[{"embeddable":true,"href":"https:\/\/alkaline.lv\/en\/wp-json\/wp\/v2\/media\/73466"}],"wp:attachment":[{"href":"https:\/\/alkaline.lv\/en\/wp-json\/wp\/v2\/media?parent=73465"}],"wp:term":[{"taxonomy":"product_cat","embeddable":true,"href":"https:\/\/alkaline.lv\/en\/wp-json\/wp\/v2\/product_cat?post=73465"},{"taxonomy":"product_tag","embeddable":true,"href":"https:\/\/alkaline.lv\/en\/wp-json\/wp\/v2\/product_tag?post=73465"}],"curies":[{"name":"wp","href":"https:\/\/api.w.org\/{rel}","templated":true}]}}