{"id":73481,"date":"2026-01-19T19:23:03","date_gmt":"2026-01-19T17:23:03","guid":{"rendered":"https:\/\/alkaline.lv\/?post_type=product&#038;p=73481"},"modified":"2026-01-19T19:24:42","modified_gmt":"2026-01-19T17:24:42","slug":"ekopack-premium-roku-salvetes-z-veida-15pc-iep-2-kartas-baltas-2","status":"publish","type":"product","link":"https:\/\/alkaline.lv\/en\/products\/ekopack-premium-roku-salvetes-z-veida-15pc-iep-2-kartas-baltas-2\/","title":{"rendered":"EkoPack Premium roku salvetes Z-veida, 15pc.,\/iep., 2 k\u0101rtas, baltas"},"content":{"rendered":"<div class=\"rte\">\n<h1>Roku dvielis loksn\u0113s\u00a0EkoPack Premium 200gb (\u0161aur\u0101s, gar\u0101s)<\/h1>\n<ul>\n<li>Materi\u0101ls: Jaun\u0161\u0137iedra ar iespiedumu (baltas)<\/li>\n<li>Sl\u0101\u0146u skaits: 2<\/li>\n<li>Salve\u0161u skaits paci\u0146\u0101: 200gb<\/li>\n<li>Loc\u012bjuma veids: Z<\/li>\n<li>Salvetes izm\u0113rs saloc\u012bt\u0101 veid\u0101: 85mm x 210 mm<\/li>\n<li>Salvetes izm\u0113rs atv\u0113rt\u0101 veid\u0101: 240mm x 210 mm<\/li>\n<li>Paci\u0146u skaits kast\u0113: 15gb<\/li>\n<\/ul>\n<h1>Piem\u0113rots dispanseriem\/padev\u0113jiem<\/h1>\n<p><strong>Ieteicams ievietot:<\/strong>\u00a0Celtex mini, Grite multifold, Katrin M, Merida mini\/maxi, papernet Z fold, Tork Multifold, Vialli Z\u00a0fold, Wepa\/Satino Z fold\/universal un citiem Z\/W\u00a0loc\u012bjuma dispanseriem \/ padev\u0113jiem, kuru platums ir 85mm+ un garums 230mm+<\/p>\n<\/div>\n","protected":false},"excerpt":{"rendered":"<p>Roku dvielis loksn\u0113s\u00a0EkoPack Premium 200gb (\u0161aur\u0101s, gar\u0101s) Materi\u0101ls: Jaun\u0161\u0137iedra ar iespiedumu (baltas) Sl\u0101\u0146u skaits: 2 Salve\u0161u skaits paci\u0146\u0101: 200gb Loc\u012bjuma veids: Z Salvetes izm\u0113rs saloc\u012bt\u0101 veid\u0101: 85mm x 210 mm Salvetes izm\u0113rs atv\u0113rt\u0101 veid\u0101: 240mm x 210 mm Paci\u0146u skaits kast\u0113: 15gb Piem\u0113rots dispanseriem\/padev\u0113jiem Ieteicams ievietot:\u00a0Celtex mini, Grite multifold, Katrin M, Merida mini\/maxi, papernet Z [&hellip;]<\/p>\n","protected":false},"featured_media":72840,"template":"","meta":{"inline_featured_image":false},"product_cat":[1823],"product_tag":[],"class_list":{"0":"post-73481","1":"product","2":"type-product","3":"status-publish","4":"has-post-thumbnail","6":"product_cat-spec-pasutijums","8":"first","9":"instock","10":"taxable","11":"shipping-taxable","12":"purchasable","13":"product-type-simple","14":"add-to-wishlist-after_add_to_cart"},"_links":{"self":[{"href":"https:\/\/alkaline.lv\/en\/wp-json\/wp\/v2\/product\/73481","targetHints":{"allow":["GET"]}}],"collection":[{"href":"https:\/\/alkaline.lv\/en\/wp-json\/wp\/v2\/product"}],"about":[{"href":"https:\/\/alkaline.lv\/en\/wp-json\/wp\/v2\/types\/product"}],"wp:featuredmedia":[{"embeddable":true,"href":"https:\/\/alkaline.lv\/en\/wp-json\/wp\/v2\/media\/72840"}],"wp:attachment":[{"href":"https:\/\/alkaline.lv\/en\/wp-json\/wp\/v2\/media?parent=73481"}],"wp:term":[{"taxonomy":"product_cat","embeddable":true,"href":"https:\/\/alkaline.lv\/en\/wp-json\/wp\/v2\/product_cat?post=73481"},{"taxonomy":"product_tag","embeddable":true,"href":"https:\/\/alkaline.lv\/en\/wp-json\/wp\/v2\/product_tag?post=73481"}],"curies":[{"name":"wp","href":"https:\/\/api.w.org\/{rel}","templated":true}]}}