{"id":73483,"date":"2026-01-21T12:47:13","date_gmt":"2026-01-21T10:47:13","guid":{"rendered":"https:\/\/alkaline.lv\/?post_type=product&#038;p=73483"},"modified":"2026-01-21T12:49:13","modified_gmt":"2026-01-21T10:49:13","slug":"domestos-professional-pine-fresh-dezinfekcijas-un-tirisanas-lidzeklis-1l","status":"publish","type":"product","link":"https:\/\/alkaline.lv\/en\/products\/domestos-professional-pine-fresh-dezinfekcijas-un-tirisanas-lidzeklis-1l\/","title":{"rendered":"Domestos Professional Pine Fresh dezinfekcijas un t\u012br\u012b\u0161anas l\u012bdzeklis 1L."},"content":{"rendered":"<div class=\"catalog-element-information-right\">\n<div class=\"catalog-element-information-right-wrapper\">\n<div class=\"catalog-element-information-part 4\">\n<div class=\"catalog-element-tabs-right\">\n<div class=\"catalog-element-sections catalog-element-sections-tabs tab-content\">\n<div id=\"i-20-bitrix-catalog-element-catalog-default-1-qepX1RQfHh6Q-description\" class=\"catalog-element-section tab-pane active\" role=\"tabpanel\">\n<div class=\"catalog-element-section-content\" data-role=\"section.content\">\n<div class=\"catalog-element-section-description intec-ui-mark-text\">\n<ul>\n<li>Jaunas paaudzes balin\u0101t\u0101js ar akt\u012bv\u0101m pretka\u013c\u0137akmens da\u013ci\u0146\u0101m, kas piel\u012bp pie tualetes poda un darbojas pat zem \u016bdensl\u012bnijas.<\/li>\n<li>Efekt\u012bvi no\u0146em net\u012brumus un traipus un nov\u0113r\u0161 ka\u013c\u0137akmens uzkr\u0101\u0161anos.<\/li>\n<li>Pateicoties biezajai konsistencei, l\u012bdzeklis ilg\u0101k saglab\u0101jas uz t\u012br\u012bt\u0101s virsmas.<\/li>\n<li>Paredz\u0113ts tualetes podu, gr\u012bdu, darba virsmu, virtuvju, vannas istabu un pisu\u0101ru dezinfekcijai.<\/li>\n<li>Labi piem\u0113rots ar\u012b audumu balin\u0101\u0161anai. Izn\u012bcina bakt\u0113rijas, s\u0113n\u012btes un v\u012brusus. \u0112rta pudele ar profesion\u0101lu, izliektu kakli\u0146u \u0113rtai lieto\u0161anai.<\/li>\n<li>EAN 7615400861248<\/li>\n<\/ul>\n<\/div>\n<\/div>\n<\/div>\n<\/div>\n<\/div>\n<\/div>\n<\/div>\n<\/div>\n<p><strong>Tilpums: 1000ml<\/strong><\/p>\n","protected":false},"excerpt":{"rendered":"<div class=\"item_meta\"><\/div>\n<div><\/div>\n","protected":false},"featured_media":73484,"template":"","meta":{"inline_featured_image":false},"product_cat":[73,78],"product_tag":[],"class_list":{"0":"post-73483","1":"product","2":"type-product","3":"status-publish","4":"has-post-thumbnail","6":"product_cat-dezinfekcijas-lidzekli","7":"product_cat-sanitaro-telpu-tirisanai","9":"first","10":"instock","11":"taxable","12":"shipping-taxable","13":"purchasable","14":"product-type-simple","15":"add-to-wishlist-after_add_to_cart"},"_links":{"self":[{"href":"https:\/\/alkaline.lv\/en\/wp-json\/wp\/v2\/product\/73483","targetHints":{"allow":["GET"]}}],"collection":[{"href":"https:\/\/alkaline.lv\/en\/wp-json\/wp\/v2\/product"}],"about":[{"href":"https:\/\/alkaline.lv\/en\/wp-json\/wp\/v2\/types\/product"}],"wp:featuredmedia":[{"embeddable":true,"href":"https:\/\/alkaline.lv\/en\/wp-json\/wp\/v2\/media\/73484"}],"wp:attachment":[{"href":"https:\/\/alkaline.lv\/en\/wp-json\/wp\/v2\/media?parent=73483"}],"wp:term":[{"taxonomy":"product_cat","embeddable":true,"href":"https:\/\/alkaline.lv\/en\/wp-json\/wp\/v2\/product_cat?post=73483"},{"taxonomy":"product_tag","embeddable":true,"href":"https:\/\/alkaline.lv\/en\/wp-json\/wp\/v2\/product_tag?post=73483"}],"curies":[{"name":"wp","href":"https:\/\/api.w.org\/{rel}","templated":true}]}}