{"id":73486,"date":"2026-01-21T12:52:43","date_gmt":"2026-01-21T10:52:43","guid":{"rendered":"https:\/\/alkaline.lv\/?post_type=product&#038;p=73486"},"modified":"2026-01-21T12:53:53","modified_gmt":"2026-01-21T10:53:53","slug":"abena-vienreizlietojama-maska-bardai-100-gab-art-210681-danija","status":"publish","type":"product","link":"https:\/\/alkaline.lv\/en\/products\/abena-vienreizlietojama-maska-bardai-100-gab-art-210681-danija\/","title":{"rendered":"ABENA Vienreizlietojama maska b\u0101rdai, 100 gab. art.210681 (D\u0101nija)"},"content":{"rendered":"<p>B\u0101rdas maska ir izgatavoti no neausta PP materi\u0101la (polipropil\u0113na) ar 16 g \/ m2.<\/p>\n<p>Tas satur vienu gumiju, kas iestr\u0101d\u0101ta elast\u012bg\u0101 josl\u0101. Viens izm\u0113rs. Platums &#8211; 25 cm.<\/p>\n<p>Piem\u0113rotas izmanto\u0161anai p\u0101rtikas industrij\u0101.<\/p>\n<p>Kr\u0101sa: balta<\/p>\n<p>Iepakojum\u0101: 100 gab.<\/p>\n<p>Ra\u017eot\u0101js: Abena, D\u0101nija<\/p>\n","protected":false},"excerpt":{"rendered":"<p>B\u0101rdas maska ir izgatavoti no neausta PP materi\u0101la (polipropil\u0113na) ar 16 g \/ m2. Tas satur vienu gumiju, kas iestr\u0101d\u0101ta elast\u012bg\u0101 josl\u0101. Viens izm\u0113rs. Platums &#8211; 25 cm. Piem\u0113rotas izmanto\u0161anai p\u0101rtikas industrij\u0101. Kr\u0101sa: balta Iepakojum\u0101: 100 gab. Ra\u017eot\u0101js: Abena, D\u0101nija<\/p>\n","protected":false},"featured_media":73487,"template":"","meta":{"inline_featured_image":false},"product_cat":[1774],"product_tag":[],"class_list":{"0":"post-73486","1":"product","2":"type-product","3":"status-publish","4":"has-post-thumbnail","6":"product_cat-cepurites","8":"first","9":"instock","10":"taxable","11":"shipping-taxable","12":"purchasable","13":"product-type-simple","14":"add-to-wishlist-after_add_to_cart"},"_links":{"self":[{"href":"https:\/\/alkaline.lv\/en\/wp-json\/wp\/v2\/product\/73486","targetHints":{"allow":["GET"]}}],"collection":[{"href":"https:\/\/alkaline.lv\/en\/wp-json\/wp\/v2\/product"}],"about":[{"href":"https:\/\/alkaline.lv\/en\/wp-json\/wp\/v2\/types\/product"}],"wp:featuredmedia":[{"embeddable":true,"href":"https:\/\/alkaline.lv\/en\/wp-json\/wp\/v2\/media\/73487"}],"wp:attachment":[{"href":"https:\/\/alkaline.lv\/en\/wp-json\/wp\/v2\/media?parent=73486"}],"wp:term":[{"taxonomy":"product_cat","embeddable":true,"href":"https:\/\/alkaline.lv\/en\/wp-json\/wp\/v2\/product_cat?post=73486"},{"taxonomy":"product_tag","embeddable":true,"href":"https:\/\/alkaline.lv\/en\/wp-json\/wp\/v2\/product_tag?post=73486"}],"curies":[{"name":"wp","href":"https:\/\/api.w.org\/{rel}","templated":true}]}}