{"id":73539,"date":"2026-02-18T18:29:40","date_gmt":"2026-02-18T16:29:40","guid":{"rendered":"https:\/\/alkaline.lv\/?post_type=product&#038;p=73539"},"modified":"2026-02-18T18:31:24","modified_gmt":"2026-02-18T16:31:24","slug":"roku-salvetes-z-fold-celuloze-2-slani-150-loksnes-20pac-iep","status":"publish","type":"product","link":"https:\/\/alkaline.lv\/en\/products\/roku-salvetes-z-fold-celuloze-2-slani-150-loksnes-20pac-iep\/","title":{"rendered":"Roku salvetes Z-FOLD celuloze, 2 sl\u0101\u0146i, 150 loksnes, 20pac.\/iep."},"content":{"rendered":"<ul>\n<li>Loksnes izm\u0113rs saloc\u012bt\u0101 veid\u0101: 210 x 85 mm<\/li>\n<li>Loksnes izm\u0113rs nesaloc\u012bt\u0101 veid\u0101: 210 x 230 mm<\/li>\n<li>150 x loksnes paci\u0146\u0101<\/li>\n<li>20 paci\u0146as iepakojum\u0101<\/li>\n<li>2 sl\u0101\u0146i<\/li>\n<li>100% celuloze<\/li>\n<li class=\"catalog-element-section-property\">\n<div class=\"catalog-element-section-property-name\">Bl\u012bvums (g\/m\u00b2)\u00a018<\/div>\n<\/li>\n<li class=\"catalog-element-section-property\">\n<div class=\"catalog-element-section-property-name\">Z\u012bmols\u00a0PAPER DI<\/div>\n<\/li>\n<\/ul>\n","protected":false},"excerpt":{"rendered":"<div class=\"item_meta\"><\/div>\n<div><\/div>\n","protected":false},"featured_media":73533,"template":"","meta":{"inline_featured_image":false},"product_cat":[135],"product_tag":[],"class_list":{"0":"post-73539","1":"product","2":"type-product","3":"status-publish","4":"has-post-thumbnail","6":"product_cat-sauras-salvetes","8":"first","9":"instock","10":"taxable","11":"shipping-taxable","12":"purchasable","13":"product-type-simple","14":"add-to-wishlist-after_add_to_cart"},"_links":{"self":[{"href":"https:\/\/alkaline.lv\/en\/wp-json\/wp\/v2\/product\/73539"}],"collection":[{"href":"https:\/\/alkaline.lv\/en\/wp-json\/wp\/v2\/product"}],"about":[{"href":"https:\/\/alkaline.lv\/en\/wp-json\/wp\/v2\/types\/product"}],"wp:featuredmedia":[{"embeddable":true,"href":"https:\/\/alkaline.lv\/en\/wp-json\/wp\/v2\/media\/73533"}],"wp:attachment":[{"href":"https:\/\/alkaline.lv\/en\/wp-json\/wp\/v2\/media?parent=73539"}],"wp:term":[{"taxonomy":"product_cat","embeddable":true,"href":"https:\/\/alkaline.lv\/en\/wp-json\/wp\/v2\/product_cat?post=73539"},{"taxonomy":"product_tag","embeddable":true,"href":"https:\/\/alkaline.lv\/en\/wp-json\/wp\/v2\/product_tag?post=73539"}],"curies":[{"name":"wp","href":"https:\/\/api.w.org\/{rel}","templated":true}]}}