{"id":73547,"date":"2026-02-24T11:11:22","date_gmt":"2026-02-24T09:11:22","guid":{"rendered":"https:\/\/alkaline.lv\/?post_type=product&#038;p=73547"},"modified":"2026-02-24T11:14:38","modified_gmt":"2026-02-24T09:14:38","slug":"lucart-industrialais-pap-econatural-800-200m-2sl-bruns-2gab-iep","status":"publish","type":"product","link":"https:\/\/alkaline.lv\/en\/products\/lucart-industrialais-pap-econatural-800-200m-2sl-bruns-2gab-iep\/","title":{"rendered":"Lucart industri\u0101lais pap. ECONATURAL 800, 200m 2sl br\u016bns 2gab\/iep"},"content":{"rendered":"<p>K\u0101rtas: 2<br \/>\nLok\u0161\u0146u skaits: 800<br \/>\nRu\u013c\u013ca garums: 200 m<br \/>\nRu\u013c\u013ca platums: 26 cm<br \/>\nRu\u013c\u013ca \u00d8: 24 cm<br \/>\nMateri\u0101ls: Fiberpack\u00ae (p\u0101rstr\u0101d\u0101t\u0101s tetrapakas)<br \/>\nSertifik\u0101ti: FSC, EU Ecolabel<br \/>\nParedz\u0113ti tie\u0161ai saskarei ar p\u0101rtikas produktiem<br \/>\nRa\u017eot\u0101js: Lucart Group (ES)<\/p>\n<p>Ra\u017eot\u0101ja kods: 852218<br \/>\nIzcelsmes valsts: It\u0101lija<\/p>\n","protected":false},"excerpt":{"rendered":"<div class=\"item_meta\"><\/div>\n<div><\/div>\n","protected":false},"featured_media":73548,"template":"","meta":{"inline_featured_image":false},"product_cat":[96],"product_tag":[],"class_list":{"0":"post-73547","1":"product","2":"type-product","3":"status-publish","4":"has-post-thumbnail","6":"product_cat-industrialais-papirs","8":"first","9":"instock","10":"taxable","11":"shipping-taxable","12":"purchasable","13":"product-type-simple","14":"add-to-wishlist-after_add_to_cart"},"_links":{"self":[{"href":"https:\/\/alkaline.lv\/en\/wp-json\/wp\/v2\/product\/73547"}],"collection":[{"href":"https:\/\/alkaline.lv\/en\/wp-json\/wp\/v2\/product"}],"about":[{"href":"https:\/\/alkaline.lv\/en\/wp-json\/wp\/v2\/types\/product"}],"wp:featuredmedia":[{"embeddable":true,"href":"https:\/\/alkaline.lv\/en\/wp-json\/wp\/v2\/media\/73548"}],"wp:attachment":[{"href":"https:\/\/alkaline.lv\/en\/wp-json\/wp\/v2\/media?parent=73547"}],"wp:term":[{"taxonomy":"product_cat","embeddable":true,"href":"https:\/\/alkaline.lv\/en\/wp-json\/wp\/v2\/product_cat?post=73547"},{"taxonomy":"product_tag","embeddable":true,"href":"https:\/\/alkaline.lv\/en\/wp-json\/wp\/v2\/product_tag?post=73547"}],"curies":[{"name":"wp","href":"https:\/\/api.w.org\/{rel}","templated":true}]}}