{"id":73593,"date":"2026-03-18T16:43:27","date_gmt":"2026-03-18T14:43:27","guid":{"rendered":"https:\/\/alkaline.lv\/?post_type=product&#038;p=73593"},"modified":"2026-03-18T16:47:28","modified_gmt":"2026-03-18T14:47:28","slug":"kompresora-gaisa-sausinatajs-adler-25l-24h","status":"publish","type":"product","link":"https:\/\/alkaline.lv\/en\/products\/kompresora-gaisa-sausinatajs-adler-25l-24h\/","title":{"rendered":"Kompresora gaisa sausin\u0101t\u0101js ADLER 25L\/24h"},"content":{"rendered":"<div class=\"item_meta\">\n<div class=\"prodview-info-about\">\n<div class=\"prodview-info-about\">\n<div class=\"prodview-info-about\">\n<div class=\"prodview-info-about\">\n<div class=\"prodview-info-about\">\n<div class=\"prodview-info-about\">\n<div class=\"prodview-info-about\">\n<div class=\"prodview-info-about\">\n<div class=\"prodview-info-about\">\n<div class=\"prodview-info-about\">\n<div class=\"prodview-info-about\">\n<div class=\"grid min-h-[30px] grid-cols-2 gap-x-2 overflow-hidden px-3 text-xs font-normal text-gray-700\">\n<div>\n<div>2-in-1 gaisa sausin\u0101t\u0101js un gaisa att\u012br\u012bt\u0101js ar LED apgaismojumu (kompresors)<\/div>\n<div>\u2022 Mitruma samazin\u0101\u0161anas jauda (30\u00b0C \/ 80% relat\u012bvais mitrums) &#8211; 25 litri \/ 24 stundas<\/div>\n<div>\u2022 Gaisa att\u012br\u012b\u0161anas jauda: aiztur 99,95% pies\u0101r\u0146ojo\u0161o da\u013ci\u0146u<\/div>\n<\/div>\n<div><\/div>\n<div class=\"flex items-center\">Augstums (cm)65.2<\/div>\n<\/div>\n<div class=\"grid min-h-[30px] grid-cols-2 gap-x-2 overflow-hidden px-3 text-xs font-normal text-gray-700\">\n<div class=\"flex items-center\">Z\u012bmolsAdler<\/div>\n<\/div>\n<div class=\"grid min-h-[30px] grid-cols-2 gap-x-2 overflow-hidden px-3 text-xs font-normal text-gray-700\">\n<div class=\"flex items-center\">Platums (cm)38.6<\/div>\n<\/div>\n<div class=\"grid min-h-[30px] grid-cols-2 gap-x-2 overflow-hidden px-3 text-xs font-normal text-gray-700\">\n<div class=\"flex items-center\">Re\u017e\u012bmu skaits (gab.)4<\/div>\n<\/div>\n<div class=\"grid min-h-[30px] grid-cols-2 gap-x-2 overflow-hidden px-3 text-xs font-normal text-gray-700\">\n<div class=\"flex items-center\">Svars (kg)15.6<\/div>\n<\/div>\n<div class=\"grid min-h-[30px] grid-cols-2 gap-x-2 overflow-hidden px-3 text-xs font-normal text-gray-700\">\n<div class=\"flex items-center\">Dzi\u013cums (cm)27.5<\/div>\n<\/div>\n<div class=\"grid min-h-[30px] grid-cols-2 gap-x-2 overflow-hidden px-3 text-xs font-normal text-gray-700\">\n<div class=\"flex items-center\">Maksim\u0101lais ra\u017e\u012bgums (l\/24h)25<\/div>\n<\/div>\n<div class=\"grid min-h-[30px] grid-cols-2 gap-x-2 overflow-hidden px-3 text-xs font-normal text-gray-700\">\n<div class=\"flex items-center\">Gaisa pl\u016bsma (l\/24h)195<\/div>\n<\/div>\n<div class=\"grid min-h-[30px] grid-cols-2 gap-x-2 overflow-hidden px-3 text-xs font-normal text-gray-700\">\n<div class=\"flex items-center\">Skaits iepakojum\u0101 (gab.)1<\/div>\n<\/div>\n<div class=\"grid min-h-[30px] grid-cols-2 gap-x-2 overflow-hidden px-3 text-xs font-normal text-gray-700\">\n<div class=\"flex items-center\">ModelisAD 7863<\/div>\n<\/div>\n<div class=\"grid min-h-[30px] grid-cols-2 gap-x-2 overflow-hidden px-3 text-xs font-normal text-gray-700\">\n<div class=\"flex items-center\">Pat\u0113r\u0113jam\u0101 jauda (W)420<\/div>\n<\/div>\n<div class=\"grid min-h-[30px] grid-cols-2 gap-x-2 overflow-hidden px-3 text-xs font-normal text-gray-700\">\n<div class=\"flex items-center\">\u016adens tvertnes tilpums (l)6.5<\/div>\n<\/div>\n<div class=\"grid min-h-[30px] grid-cols-2 gap-x-2 overflow-hidden px-3 text-xs font-normal text-gray-700\">\n<div class=\"flex items-center\">Joniz\u0101cijas funkcijaN\u0113<\/div>\n<\/div>\n<div class=\"grid min-h-[30px] grid-cols-2 gap-x-2 overflow-hidden px-3 text-xs font-normal text-gray-700\">\n<div class=\"flex items-center\">Paredz\u0113ts telpas plat\u012bbai (m2)70<\/div>\n<\/div>\n<div class=\"grid min-h-[30px] grid-cols-2 gap-x-2 overflow-hidden px-3 text-xs font-normal text-gray-700\">\n<div class=\"flex items-center\">Filtra veidsHEPA<\/div>\n<\/div>\n<div class=\"grid min-h-[30px] grid-cols-2 gap-x-2 overflow-hidden px-3 text-xs font-normal text-gray-700\">\n<div class=\"flex items-center\">Aizsardz\u012bbas klase (IP)X0<\/div>\n<\/div>\n<div class=\"grid min-h-[30px] grid-cols-2 gap-x-2 overflow-hidden px-3 text-xs font-normal text-gray-700\">\n<div class=\"flex items-center\">Arom\u0101tsNav<\/div>\n<\/div>\n<div class=\"grid min-h-[30px] grid-cols-2 gap-x-2 overflow-hidden px-3 text-xs font-normal text-gray-700\">\n<div class=\"flex items-center\">ValstsCN<\/div>\n<\/div>\n<div class=\"grid min-h-[30px] grid-cols-2 gap-x-2 overflow-hidden px-3 text-xs font-normal text-gray-700\">\n<div class=\"flex items-center\">Svars31.00<\/div>\n<\/div>\n<div class=\"grid min-h-[30px] grid-cols-2 gap-x-2 overflow-hidden px-3 text-xs font-normal text-gray-700\">\n<div class=\"flex items-center\">Sv\u012btrkods5905575904041<\/div>\n<\/div>\n<\/div>\n<\/div>\n<div class=\"prodview-info-about\">\n<div class=\"PRODUCT__description desc description\">\n<p>&nbsp;<\/p>\n<\/div>\n<div class=\"PRODUCT__actions\">\n<div class=\"PRODUCT__actions-item\"><\/div>\n<\/div>\n<\/div>\n<p>&nbsp;<\/p>\n<\/div>\n<\/div>\n<\/div>\n<\/div>\n<\/div>\n<\/div>\n<\/div>\n<\/div>\n<\/div>\n<\/div>\n","protected":false},"excerpt":{"rendered":"<div class=\"item_meta\"><\/div>\n<div><\/div>\n","protected":false},"featured_media":73594,"template":"","meta":{"inline_featured_image":false},"product_cat":[1816],"product_tag":[],"class_list":{"0":"post-73593","1":"product","2":"type-product","3":"status-publish","4":"has-post-thumbnail","6":"product_cat-ventilatori","8":"first","9":"instock","10":"taxable","11":"shipping-taxable","12":"purchasable","13":"product-type-simple","14":"add-to-wishlist-after_add_to_cart"},"_links":{"self":[{"href":"https:\/\/alkaline.lv\/en\/wp-json\/wp\/v2\/product\/73593","targetHints":{"allow":["GET"]}}],"collection":[{"href":"https:\/\/alkaline.lv\/en\/wp-json\/wp\/v2\/product"}],"about":[{"href":"https:\/\/alkaline.lv\/en\/wp-json\/wp\/v2\/types\/product"}],"wp:featuredmedia":[{"embeddable":true,"href":"https:\/\/alkaline.lv\/en\/wp-json\/wp\/v2\/media\/73594"}],"wp:attachment":[{"href":"https:\/\/alkaline.lv\/en\/wp-json\/wp\/v2\/media?parent=73593"}],"wp:term":[{"taxonomy":"product_cat","embeddable":true,"href":"https:\/\/alkaline.lv\/en\/wp-json\/wp\/v2\/product_cat?post=73593"},{"taxonomy":"product_tag","embeddable":true,"href":"https:\/\/alkaline.lv\/en\/wp-json\/wp\/v2\/product_tag?post=73593"}],"curies":[{"name":"wp","href":"https:\/\/api.w.org\/{rel}","templated":true}]}}