{"id":9647,"date":"2022-02-21T18:42:00","date_gmt":"2022-02-21T16:42:00","guid":{"rendered":"https:\/\/alkaline.lv\/?post_type=product&#038;p=9647"},"modified":"2022-10-24T19:34:04","modified_gmt":"2022-10-24T16:34:04","slug":"velas-pulveris-tino-best-mountain-spring-universal-high-power-20-kg-iepakojuma","status":"publish","type":"product","link":"https:\/\/alkaline.lv\/en\/products\/velas-pulveris-tino-best-mountain-spring-universal-high-power-20-kg-iepakojuma\/","title":{"rendered":"Ve\u013cas Pulveris TINO BEST MOUNTAIN SPRING UNIVERSAL 20.kg"},"content":{"rendered":"<p><strong>Der\u012bguma termi\u0146\u0161<\/strong>\u00a0<strong>13.05.2026.<\/strong><\/p>\n<p><strong>Univers\u0101ls<\/strong>\u00a0ve\u013cas pulveris ,ve\u013cas mazg\u0101\u0161anai visa veida ve\u013cas ma\u0161\u012bn\u0101s.<\/p>\n<p>Paredz\u0113ts visu veidu audumu\u00a0<strong>mazg\u0101\u0161anai<\/strong>.<\/p>\n<p>Pateicoties akt\u012bviem komponentiem kr\u0101saina ve\u013ca\u00a0<strong>saglab\u0101s<\/strong>\u00a0kr\u0101su un p\u0113c katras mazg\u0101\u0161anas pat\u012bkami\u00a0<strong>smar\u017eos<\/strong>.<\/p>\n<p>Piem\u0113rots ve\u013cas mazg\u0101\u0161anai m\u012bkst\u0101, vai ciet\u0101 \u016bden\u012b un\u00a0<strong>efekt\u012bvi<\/strong>\u00a0izmazg\u0101 net\u012brumus no<strong>\u00a030\u00b0C<\/strong>\u00a0l\u012bdz\u00a0<strong>90\u00b0 C<\/strong>\u00a0temperat\u016br\u0101.<\/p>\n<p>Pasarg\u0101 mazg\u0101jamo ma\u0161\u012bnu no\u00a0<strong>ka\u013c\u0137akmens<\/strong>.<\/p>\n<p><strong>Nesatur<\/strong>\u00a0fosf\u0101tus.<\/p>\n<p><strong>Iepakojums<\/strong>\u00a0mitrumiztur\u012bg\u0101 politil\u0113n\u0101 \u2013 Tilpums:<strong>\u00a020 kg<\/strong><\/p>\n<p>&nbsp;<\/p>\n","protected":false},"excerpt":{"rendered":"<div class=\"item_meta\"><\/div>\n<div><\/div>\n","protected":false},"featured_media":9648,"template":"","meta":{"inline_featured_image":false},"product_cat":[77],"product_tag":[],"class_list":{"0":"post-9647","1":"product","2":"type-product","3":"status-publish","4":"has-post-thumbnail","6":"product_cat-velas-mazgasanas-lidzekli","8":"first","9":"instock","10":"taxable","11":"shipping-taxable","12":"purchasable","13":"product-type-simple","14":"add-to-wishlist-after_add_to_cart"},"_links":{"self":[{"href":"https:\/\/alkaline.lv\/en\/wp-json\/wp\/v2\/product\/9647","targetHints":{"allow":["GET"]}}],"collection":[{"href":"https:\/\/alkaline.lv\/en\/wp-json\/wp\/v2\/product"}],"about":[{"href":"https:\/\/alkaline.lv\/en\/wp-json\/wp\/v2\/types\/product"}],"wp:featuredmedia":[{"embeddable":true,"href":"https:\/\/alkaline.lv\/en\/wp-json\/wp\/v2\/media\/9648"}],"wp:attachment":[{"href":"https:\/\/alkaline.lv\/en\/wp-json\/wp\/v2\/media?parent=9647"}],"wp:term":[{"taxonomy":"product_cat","embeddable":true,"href":"https:\/\/alkaline.lv\/en\/wp-json\/wp\/v2\/product_cat?post=9647"},{"taxonomy":"product_tag","embeddable":true,"href":"https:\/\/alkaline.lv\/en\/wp-json\/wp\/v2\/product_tag?post=9647"}],"curies":[{"name":"wp","href":"https:\/\/api.w.org\/{rel}","templated":true}]}}