{"id":9918,"date":"2022-05-14T16:44:23","date_gmt":"2022-05-14T13:44:23","guid":{"rendered":"https:\/\/alkaline.lv\/?post_type=product&#038;p=9918"},"modified":"2023-02-14T19:52:05","modified_gmt":"2023-02-14T17:52:05","slug":"trauku-mercesanas-un-balinasanas-lidzeklis-suma-dip-k1-5l","status":"publish","type":"product","link":"https:\/\/alkaline.lv\/en\/products\/trauku-mercesanas-un-balinasanas-lidzeklis-suma-dip-k1-5l\/","title":{"rendered":"Trauku m\u0113rc\u0113\u0161anas un balin\u0101\u0161anas l\u012bdzeklis SUMA DIP K1, 5L"},"content":{"rendered":"<div class=\"item_meta\">\n<div class=\"mb-32\">Suma Dip K1 ir \u0161\u0137idrs trauku m\u0113rc\u0113\u0161anas un balin\u0101\u0161anas l\u012bdzeklis. M\u0113rc\u0113\u0161anas laik\u0101 likvid\u0113 gr\u016bti t\u012br\u0101mus traipus no kr\u016bz\u012bt\u0113m un traukiem.<\/div>\n<div class=\"mb-32\">\n<p>Suma Dip K1 ir s\u0101rmains, hloru saturo\u0161s l\u012bdzeklis, kas piem\u0113rots \u013coti net\u012bru trauku m\u0113rc\u0113\u0161anai un balin\u0101\u0161anai. L\u012bdzeklis satur ka\u013c\u0137akmens inhibitorus un kaustiskos s\u0101rmus gr\u016bti t\u012br\u0101mu nos\u0113dumu t\u012br\u012b\u0161anai. Pateicoties sast\u0101v\u0101 eso\u0161ajam akt\u012bvajam hloram, produkts lieliski likvid\u0113 t\u0113jas, kafijas, aug\u013cu traipus un nos\u0113dumus.<\/p>\n<p><strong>\u012apa\u0161\u012bbas:<\/strong><br \/>\n&#8211; likvid\u0113 gr\u016bti t\u012br\u0101mus tan\u012bna traipus;<br \/>\n&#8211; efekt\u012bvi not\u012bra piedegu\u0161a \u0113dien paliekas un cieti;<br \/>\n&#8211; viegli doz\u0113jams gan manu\u0101li, gan ar dozatoru;<br \/>\n&#8211; viegli iz\u0161\u0137\u012bst \u016bden\u012b.<\/p>\n<p><strong>pH 12.5<\/strong><\/p>\n<\/div>\n<\/div>\n<p><strong>Tilpums: 5 L<\/strong><\/p>\n","protected":false},"excerpt":{"rendered":"<p>Suma Dip K1 ir \u0161\u0137idrs trauku m\u0113rc\u0113\u0161anas un balin\u0101\u0161anas l\u012bdzeklis. M\u0113rc\u0113\u0161anas laik\u0101 likvid\u0113 gr\u016bti t\u012br\u0101mus traipus no kr\u016bz\u012bt\u0113m un traukiem. Suma Dip K1 ir s\u0101rmains, hloru saturo\u0161s l\u012bdzeklis, kas piem\u0113rots \u013coti net\u012bru trauku m\u0113rc\u0113\u0161anai un balin\u0101\u0161anai. L\u012bdzeklis satur ka\u013c\u0137akmens inhibitorus un kaustiskos s\u0101rmus gr\u016bti t\u012br\u0101mu nos\u0113dumu t\u012br\u012b\u0161anai. Pateicoties sast\u0101v\u0101 eso\u0161ajam akt\u012bvajam hloram, produkts lieliski likvid\u0113 [&hellip;]<\/p>\n","protected":false},"featured_media":9919,"template":"","meta":{"inline_featured_image":false},"product_cat":[73,372],"product_tag":[],"class_list":{"0":"post-9918","1":"product","2":"type-product","3":"status-publish","4":"has-post-thumbnail","6":"product_cat-dezinfekcijas-lidzekli","7":"product_cat-trauku-mazgasanas-lidzekli-lielajos-iepakojumos","9":"first","10":"instock","11":"taxable","12":"shipping-taxable","13":"purchasable","14":"product-type-simple","15":"add-to-wishlist-after_add_to_cart"},"_links":{"self":[{"href":"https:\/\/alkaline.lv\/en\/wp-json\/wp\/v2\/product\/9918"}],"collection":[{"href":"https:\/\/alkaline.lv\/en\/wp-json\/wp\/v2\/product"}],"about":[{"href":"https:\/\/alkaline.lv\/en\/wp-json\/wp\/v2\/types\/product"}],"wp:featuredmedia":[{"embeddable":true,"href":"https:\/\/alkaline.lv\/en\/wp-json\/wp\/v2\/media\/9919"}],"wp:attachment":[{"href":"https:\/\/alkaline.lv\/en\/wp-json\/wp\/v2\/media?parent=9918"}],"wp:term":[{"taxonomy":"product_cat","embeddable":true,"href":"https:\/\/alkaline.lv\/en\/wp-json\/wp\/v2\/product_cat?post=9918"},{"taxonomy":"product_tag","embeddable":true,"href":"https:\/\/alkaline.lv\/en\/wp-json\/wp\/v2\/product_tag?post=9918"}],"curies":[{"name":"wp","href":"https:\/\/api.w.org\/{rel}","templated":true}]}}