{"id":9974,"date":"2022-05-15T18:04:13","date_gmt":"2022-05-15T15:04:13","guid":{"rendered":"https:\/\/alkaline.lv\/?post_type=product&#038;p=9974"},"modified":"2023-08-21T13:59:46","modified_gmt":"2023-08-21T10:59:46","slug":"trauku-mazgasanas-lidzeklis-fairy-lemon-5l","status":"publish","type":"product","link":"https:\/\/alkaline.lv\/en\/products\/trauku-mazgasanas-lidzeklis-fairy-lemon-5l\/","title":{"rendered":"Trauku mazg\u0101\u0161anas l\u012bdzeklis Fairy Lemon, 5L"},"content":{"rendered":"<div class=\"mb-32\">\n<p>Fairy \u0161\u0137idrais trauku mazg\u0101\u0161anas l\u012bdzeklis vienm\u0113r nodro\u0161ina uzticamu t\u012br\u012b\u0161anas iedarb\u012bbu. Trauki un gl\u0101zes, katli un pannas, neatkar\u012bgi no net\u012brumu veida un daudzuma Fairy iedarb\u012bg\u0101 formula viegli izk\u013c\u016bst cauri tauku sl\u0101nim. Katra l\u0101se nomazg\u0101 \u013coti daudz taukainu trauku un t\u0101d\u0113j\u0101di pal\u012bdz jums ietaup\u012bt.<\/p>\n<div class=\"catalog-element-information-right\">\n<div class=\"catalog-element-information-right-wrapper\">\n<div class=\"catalog-element-information-part 4\">\n<div class=\"catalog-element-tabs-right\">\n<div class=\"catalog-element-sections catalog-element-sections-tabs tab-content\">\n<div id=\"i-20-bitrix-catalog-element-catalog-default-1-qepX1RQfHh6Q-description\" class=\"catalog-element-section tab-pane active\" role=\"tabpanel\">\n<div class=\"catalog-element-section-content\" data-role=\"section.content\">\n<div class=\"catalog-element-section-description intec-ui-mark-text\">Labi noder ikdien\u0101 lietojamiem traukiem: s\u0101kot ar gl\u0101z\u0113m un beidzot ar katliem un pann\u0101m. Fairy ir \u013coti koncentr\u0113ts, t\u0101p\u0113c katra l\u0101se pietiek ilgam laikam un nomazg\u0101 daudz trauku.<\/div>\n<\/div>\n<\/div>\n<\/div>\n<\/div>\n<\/div>\n<\/div>\n<\/div>\n<p>Ekonomisks: bag\u0101t\u012bg\u0101s putas ilgsto\u0161i saglab\u0101jas un uztur sp\u0113ju efekt\u012bvi mazg\u0101t traukus.<\/p>\n<p>Efekt\u012bvs: lieliski \u0161\u0137\u012bdina taukus pat aukst\u0101 \u016bden\u012b.<\/p>\n<\/div>\n<p><strong>Tilpums: 5L<\/strong><\/p>\n<p>&nbsp;<\/p>\n","protected":false},"excerpt":{"rendered":"<div class=\"item_meta\"><\/div>\n<div><\/div>\n","protected":false},"featured_media":57149,"template":"","meta":{"inline_featured_image":false},"product_cat":[372],"product_tag":[],"class_list":{"0":"post-9974","1":"product","2":"type-product","3":"status-publish","4":"has-post-thumbnail","6":"product_cat-trauku-mazgasanas-lidzekli-lielajos-iepakojumos","8":"first","9":"instock","10":"taxable","11":"shipping-taxable","12":"purchasable","13":"product-type-simple","14":"add-to-wishlist-after_add_to_cart"},"_links":{"self":[{"href":"https:\/\/alkaline.lv\/en\/wp-json\/wp\/v2\/product\/9974"}],"collection":[{"href":"https:\/\/alkaline.lv\/en\/wp-json\/wp\/v2\/product"}],"about":[{"href":"https:\/\/alkaline.lv\/en\/wp-json\/wp\/v2\/types\/product"}],"wp:featuredmedia":[{"embeddable":true,"href":"https:\/\/alkaline.lv\/en\/wp-json\/wp\/v2\/media\/57149"}],"wp:attachment":[{"href":"https:\/\/alkaline.lv\/en\/wp-json\/wp\/v2\/media?parent=9974"}],"wp:term":[{"taxonomy":"product_cat","embeddable":true,"href":"https:\/\/alkaline.lv\/en\/wp-json\/wp\/v2\/product_cat?post=9974"},{"taxonomy":"product_tag","embeddable":true,"href":"https:\/\/alkaline.lv\/en\/wp-json\/wp\/v2\/product_tag?post=9974"}],"curies":[{"name":"wp","href":"https:\/\/api.w.org\/{rel}","templated":true}]}}